{"id":6571,"date":"2025-07-17T17:01:00","date_gmt":"2025-07-17T17:01:00","guid":{"rendered":"https:\/\/concept72.ca\/systeme-de-controle\/"},"modified":"2025-12-12T19:05:14","modified_gmt":"2025-12-12T19:05:14","slug":"systeme-de-controle","status":"publish","type":"page","link":"https:\/\/concept72.ca\/fr\/systeme-de-controle\/","title":{"rendered":"Syst\u00e8me de contr\u00f4le"},"content":{"rendered":"\t\t<div data-elementor-type=\"wp-page\" data-elementor-id=\"6571\" class=\"elementor elementor-6571 elementor-4430\">\n\t\t\t\t\t\t<section class=\"elementor-section elementor-top-section elementor-element elementor-element-901d352 elementor-section-stretched elementor-section-boxed elementor-section-height-default elementor-section-height-default\" data-id=\"901d352\" data-element_type=\"section\" data-settings=\"{&quot;background_background&quot;:&quot;classic&quot;,&quot;stretch_section&quot;:&quot;section-stretched&quot;}\">\n\t\t\t\t\t\t\t<div class=\"elementor-background-overlay\"><\/div>\n\t\t\t\t\t\t\t<div class=\"elementor-container elementor-column-gap-default\">\n\t\t\t\t\t<div class=\"elementor-column elementor-col-100 elementor-top-column elementor-element elementor-element-df2439e\" data-id=\"df2439e\" data-element_type=\"column\">\n\t\t\t<div class=\"elementor-widget-wrap elementor-element-populated\">\n\t\t\t\t\t\t<div class=\"elementor-element elementor-element-657bf85 elementor-widget__width-auto text-center elementor-widget elementor-widget-tp-heading-title\" data-id=\"657bf85\" data-element_type=\"widget\" data-widget_type=\"tp-heading-title.default\">\n\t\t\t\t<div class=\"elementor-widget-container\">\n\t\t\t\t\t<div class=\"heading heading_style heading_style69d27d1faaaae style-1 \" ><div class=\"sub-style \"  ><div class=\"head-title \" > <h1  class=\"heading-title   \"   data-hover=\"Syst\u00e8me de contr\u00f4le\">Syst\u00e8me de contr\u00f4le<span class=\"title-s \">  <\/span><\/h1><\/div><\/div><\/div>\t\t\t\t<\/div>\n\t\t\t\t<\/div>\n\t\t\t\t<div class=\"elementor-element elementor-element-41431df elementor-widget__width-initial elementor-widget-tablet__width-inherit elementor-widget elementor-widget-text-editor\" data-id=\"41431df\" data-element_type=\"widget\" data-widget_type=\"text-editor.default\">\n\t\t\t\t<div class=\"elementor-widget-container\">\n\t\t\t\t\t\t\t\t\t<p>Contr\u00f4lez enti\u00e8rement votre environnement ext\u00e9rieur gr\u00e2ce \u00e0 l&#8217;automatisation intelligente, \u00e0 l&#8217;acc\u00e8s \u00e0 distance et aux param\u00e8tres d&#8217;efficacit\u00e9 \u00e9nerg\u00e9tique.<\/p>\t\t\t\t\t\t\t\t<\/div>\n\t\t\t\t<\/div>\n\t\t\t\t\t<\/div>\n\t\t<\/div>\n\t\t\t\t\t<\/div>\n\t\t<\/section>\n\t\t\t\t<section class=\"elementor-section elementor-top-section elementor-element elementor-element-520a985 elementor-section-stretched elementor-section-boxed elementor-section-height-default elementor-section-height-default\" data-id=\"520a985\" data-element_type=\"section\" data-settings=\"{&quot;stretch_section&quot;:&quot;section-stretched&quot;}\">\n\t\t\t\t\t\t<div class=\"elementor-container elementor-column-gap-narrow\">\n\t\t\t\t\t<div class=\"elementor-column elementor-col-50 elementor-top-column elementor-element elementor-element-66b90d4 elementor-invisible\" data-id=\"66b90d4\" data-element_type=\"column\" data-settings=\"{&quot;animation&quot;:&quot;fadeInLeft&quot;}\">\n\t\t\t<div class=\"elementor-widget-wrap elementor-element-populated\">\n\t\t\t\t\t\t<div class=\"elementor-element elementor-element-ecf7ce1 elementor-widget__width-initial elementor-widget-tablet__width-inherit elementor-widget elementor-widget-heading\" data-id=\"ecf7ce1\" data-element_type=\"widget\" data-widget_type=\"heading.default\">\n\t\t\t\t<div class=\"elementor-widget-container\">\n\t\t\t\t\t<h2 class=\"elementor-heading-title elementor-size-default\">Des \u00e9clairages pour toutes les occasions - Il existe une application pour cela<\/h2>\t\t\t\t<\/div>\n\t\t\t\t<\/div>\n\t\t\t\t<div class=\"elementor-element elementor-element-52a5f06 elementor-widget__width-initial elementor-widget-tablet__width-inherit elementor-widget elementor-widget-text-editor\" data-id=\"52a5f06\" data-element_type=\"widget\" data-widget_type=\"text-editor.default\">\n\t\t\t\t<div class=\"elementor-widget-container\">\n\t\t\t\t\t\t\t\t\t<p>Et si vous pouviez choisir diff\u00e9rentes ambiances lumineuses sur votre propri\u00e9t\u00e9 en cliquant sur un bouton ? Nos syst\u00e8mes de contr\u00f4le vous offrent cette flexibilit\u00e9, directement depuis votre smartphone ou votre tablette. Que vous receviez des invit\u00e9s, que vous vous d\u00e9tendiez \u00e0 l&#8217;ext\u00e9rieur ou que vous partiez en vacances, votre environnement ext\u00e9rieur peut s&#8217;adapter en temps r\u00e9el d&#8217;une simple pression.  <\/p>\t\t\t\t\t\t\t\t<\/div>\n\t\t\t\t<\/div>\n\t\t\t\t\t<\/div>\n\t\t<\/div>\n\t\t\t\t<div class=\"elementor-column elementor-col-50 elementor-top-column elementor-element elementor-element-6219b31 elementor-invisible\" data-id=\"6219b31\" data-element_type=\"column\" data-settings=\"{&quot;background_background&quot;:&quot;classic&quot;,&quot;animation&quot;:&quot;fadeInRight&quot;}\">\n\t\t\t<div class=\"elementor-widget-wrap elementor-element-populated\">\n\t\t\t\t\t\t<div class=\"elementor-element elementor-element-ad53d12 elementor-widget elementor-widget-image\" data-id=\"ad53d12\" data-element_type=\"widget\" data-widget_type=\"image.default\">\n\t\t\t\t<div class=\"elementor-widget-container\">\n\t\t\t\t\t\t\t\t\t\t\t\t\t\t\t<img fetchpriority=\"high\" decoding=\"async\" width=\"1285\" height=\"449\" src=\"data:image\/gif;base64,R0lGODlhAQABAIAAAAAAAP\/\/\/yH5BAEAAAAALAAAAAABAAEAAAIBRAA7\" data-src=\"https:\/\/concept72.ca\/wp-content\/uploads\/2025\/07\/billboard_home_automation_2Ba-e1753734728618.png\" class=\"attachment-full size-full wp-image-4500 lazyload\" alt=\"\" \/><noscript><img decoding=\"async\" width=\"1285\" height=\"449\" src=\"https:\/\/concept72.ca\/wp-content\/uploads\/2025\/07\/billboard_home_automation_2Ba-e1753734728618.png\" class=\"attachment-full size-full wp-image-4500 lazyload\" alt=\"\" \/><\/noscript>\t\t\t\t\t\t\t\t\t\t\t\t\t\t\t<\/div>\n\t\t\t\t<\/div>\n\t\t\t\t\t<\/div>\n\t\t<\/div>\n\t\t\t\t\t<\/div>\n\t\t<\/section>\n\t\t\t\t<section class=\"elementor-section elementor-top-section elementor-element elementor-element-07a9987 elementor-section-stretched elementor-section-boxed elementor-section-height-default elementor-section-height-default\" data-id=\"07a9987\" data-element_type=\"section\" data-settings=\"{&quot;background_background&quot;:&quot;classic&quot;,&quot;stretch_section&quot;:&quot;section-stretched&quot;}\">\n\t\t\t\t\t\t<div class=\"elementor-container elementor-column-gap-no\">\n\t\t\t\t\t<div class=\"elementor-column elementor-col-50 elementor-top-column elementor-element elementor-element-918331d\" data-id=\"918331d\" data-element_type=\"column\">\n\t\t\t<div class=\"elementor-widget-wrap elementor-element-populated\">\n\t\t\t\t\t\t<div class=\"elementor-element elementor-element-96465b7 e-transform elementor-widget elementor-widget-image\" data-id=\"96465b7\" data-element_type=\"widget\" data-settings=\"{&quot;_transform_scale_effect&quot;:{&quot;unit&quot;:&quot;px&quot;,&quot;size&quot;:&quot;&quot;,&quot;sizes&quot;:[]},&quot;_transform_scale_effect_tablet&quot;:{&quot;unit&quot;:&quot;px&quot;,&quot;size&quot;:&quot;&quot;,&quot;sizes&quot;:[]},&quot;_transform_scale_effect_mobile&quot;:{&quot;unit&quot;:&quot;px&quot;,&quot;size&quot;:&quot;&quot;,&quot;sizes&quot;:[]}}\" data-widget_type=\"image.default\">\n\t\t\t\t<div class=\"elementor-widget-container\">\n\t\t\t\t\t\t\t\t\t\t\t\t\t\t\t<img decoding=\"async\" width=\"929\" height=\"450\" src=\"data:image\/gif;base64,R0lGODlhAQABAIAAAAAAAP\/\/\/yH5BAEAAAAALAAAAAABAAEAAAIBRAA7\" data-src=\"https:\/\/concept72.ca\/wp-content\/uploads\/2025\/07\/billboard_home_automation_2Bc-1-e1753730563781.png\" class=\"attachment-large size-large wp-image-4495 lazyload\" alt=\"\" \/><noscript><img loading=\"lazy\" decoding=\"async\" width=\"929\" height=\"450\" src=\"https:\/\/concept72.ca\/wp-content\/uploads\/2025\/07\/billboard_home_automation_2Bc-1-e1753730563781.png\" class=\"attachment-large size-large wp-image-4495 lazyload\" alt=\"\" \/><\/noscript>\t\t\t\t\t\t\t\t\t\t\t\t\t\t\t<\/div>\n\t\t\t\t<\/div>\n\t\t\t\t\t<\/div>\n\t\t<\/div>\n\t\t\t\t<div class=\"elementor-column elementor-col-50 elementor-top-column elementor-element elementor-element-ba82765\" data-id=\"ba82765\" data-element_type=\"column\" data-settings=\"{&quot;background_background&quot;:&quot;classic&quot;}\">\n\t\t\t<div class=\"elementor-widget-wrap elementor-element-populated\">\n\t\t\t\t\t\t<div class=\"elementor-element elementor-element-ab10bd0 elementor-widget__width-initial elementor-widget-tablet__width-inherit elementor-widget elementor-widget-heading\" data-id=\"ab10bd0\" data-element_type=\"widget\" data-widget_type=\"heading.default\">\n\t\t\t\t<div class=\"elementor-widget-container\">\n\t\t\t\t\t<h2 class=\"elementor-heading-title elementor-size-default\">Int\u00e9gration intelligente et transparente<\/h2>\t\t\t\t<\/div>\n\t\t\t\t<\/div>\n\t\t\t\t<div class=\"elementor-element elementor-element-b4f9814 elementor-widget__width-initial elementor-widget-tablet__width-inherit elementor-widget elementor-widget-text-editor\" data-id=\"b4f9814\" data-element_type=\"widget\" data-widget_type=\"text-editor.default\">\n\t\t\t\t<div class=\"elementor-widget-container\">\n\t\t\t\t\t\t\t\t\t<p>Nous installons des syst\u00e8mes de contr\u00f4le intelligents compatibles avec la plupart des configurations de maison intelligente, y compris des transformateurs, des contr\u00f4les de zone et des minuteries compatibles Wi-Fi.<br>En utilisant l&#8217;application Unique Lighting Systems, vous pouvez :<br>&#8211; R\u00e9gler des zones individuelles ou des sc\u00e8nes depuis n&#8217;importe o\u00f9<br>&#8211; Automatiser les horaires d&#8217;\u00e9clairage en fonction de l&#8217;heure ou de la saison<br>&#8211; Acc\u00e9der \u00e0 l&#8217;ensemble de votre syst\u00e8me d&#8217;\u00e9clairage et le g\u00e9rer \u00e0 distance<br>Ces fonctionnalit\u00e9s apportent non seulement de la commodit\u00e9, mais aussi de l&#8217;efficacit\u00e9 \u00e9nerg\u00e9tique et de la tranquillit\u00e9 d&#8217;esprit.<\/p>\t\t\t\t\t\t\t\t<\/div>\n\t\t\t\t<\/div>\n\t\t\t\t\t<\/div>\n\t\t<\/div>\n\t\t\t\t\t<\/div>\n\t\t<\/section>\n\t\t\t\t<section class=\"elementor-section elementor-top-section elementor-element elementor-element-a471289 elementor-section-stretched elementor-section-boxed elementor-section-height-default elementor-section-height-default\" data-id=\"a471289\" data-element_type=\"section\" data-settings=\"{&quot;background_background&quot;:&quot;classic&quot;,&quot;stretch_section&quot;:&quot;section-stretched&quot;}\">\n\t\t\t\t\t\t\t<div class=\"elementor-background-overlay\"><\/div>\n\t\t\t\t\t\t\t<div class=\"elementor-container elementor-column-gap-default\">\n\t\t\t\t\t<div class=\"elementor-column elementor-col-100 elementor-top-column elementor-element elementor-element-b7af971\" data-id=\"b7af971\" data-element_type=\"column\" data-settings=\"{&quot;background_background&quot;:&quot;classic&quot;}\">\n\t\t\t<div class=\"elementor-widget-wrap elementor-element-populated\">\n\t\t\t\t\t\t<div class=\"elementor-element elementor-element-456bcca elementor-widget-tablet__width-inherit elementor-widget elementor-widget-heading\" data-id=\"456bcca\" data-element_type=\"widget\" data-widget_type=\"heading.default\">\n\t\t\t\t<div class=\"elementor-widget-container\">\n\t\t\t\t\t<h2 class=\"elementor-heading-title elementor-size-default\">Con\u00e7u en fonction de votre style de vie<\/h2>\t\t\t\t<\/div>\n\t\t\t\t<\/div>\n\t\t\t\t<div class=\"elementor-element elementor-element-4a4d9b7 elementor-widget-tablet__width-inherit elementor-widget__width-initial elementor-widget elementor-widget-text-editor\" data-id=\"4a4d9b7\" data-element_type=\"widget\" data-widget_type=\"text-editor.default\">\n\t\t\t\t<div class=\"elementor-widget-container\">\n\t\t\t\t\t\t\t\t\t<p>Chaque propri\u00e9t\u00e9 est diff\u00e9rente, tout comme les habitudes des personnes qui y vivent. C&#8217;est pourquoi nos sc\u00e9narios d&#8217;\u00e9clairage sont programm\u00e9s sur mesure pour refl\u00e9ter vos besoins uniques.<br>Nous travaillons avec vous pour cr\u00e9er des pr\u00e9r\u00e9glages pratiques et esth\u00e9tiques &#8211; qu&#8217;il s&#8217;agisse d&#8217;un \u00e9clairage doux pour une soir\u00e9e tranquille, d&#8217;une luminosit\u00e9 maximale pour la s\u00e9curit\u00e9 ou d&#8217;un \u00e9clairage d&#8217;accentuation pour des occasions sp\u00e9ciales. <\/p>\t\t\t\t\t\t\t\t<\/div>\n\t\t\t\t<\/div>\n\t\t\t\t<div class=\"elementor-element elementor-element-807a771 elementor-widget__width-auto elementor-hidden-mobile elementor-widget elementor-widget-tp-button\" data-id=\"807a771\" data-element_type=\"widget\" data-widget_type=\"tp-button.default\">\n\t\t\t\t<div class=\"elementor-widget-container\">\n\t\t\t\t\t<div class=\"pt-plus-button-wrapper   text-center   \"><div class=\"button_parallax   \" ><div id=\"button69d27d1fad27a\"  class=\" text-center ts-button content_hover_effect   \" ><div class=\"pt_plus_button btn69d27d1fad26d button-style-21   \"  ><div class=\"animted-content-inner \"><a href=\"https:\/\/concept72.ca\/fr\/contactez-nous\/\" class=\"button-link-wrap \" role=\"button\" data-hover=\"Contactez-nous\"  ><span>Contactez-nous<\/span><\/a><\/div><\/div><\/div><\/div><\/div>\t\t\t\t<\/div>\n\t\t\t\t<\/div>\n\t\t\t\t\t<\/div>\n\t\t<\/div>\n\t\t\t\t\t<\/div>\n\t\t<\/section>\n\t\t\t\t<\/div>\n\t\t","protected":false},"excerpt":{"rendered":"<p>Syst\u00e8me de contr\u00f4le Contr\u00f4lez enti\u00e8rement votre environnement ext\u00e9rieur gr\u00e2ce \u00e0 l&#8217;automatisation intelligente, \u00e0 l&#8217;acc\u00e8s \u00e0 distance et aux param\u00e8tres d&#8217;efficacit\u00e9 [&hellip;]<\/p>\n","protected":false},"author":3,"featured_media":0,"parent":0,"menu_order":0,"comment_status":"closed","ping_status":"closed","template":"","meta":{"_eb_attr":"","site-sidebar-layout":"no-sidebar","site-content-layout":"","ast-site-content-layout":"full-width-container","site-content-style":"default","site-sidebar-style":"default","ast-global-header-display":"","ast-banner-title-visibility":"","ast-main-header-display":"","ast-hfb-above-header-display":"","ast-hfb-below-header-display":"","ast-hfb-mobile-header-display":"","site-post-title":"disabled","ast-breadcrumbs-content":"","ast-featured-img":"disabled","footer-sml-layout":"","theme-transparent-header-meta":"","adv-header-id-meta":"","stick-header-meta":"","header-above-stick-meta":"","header-main-stick-meta":"","header-below-stick-meta":"","astra-migrate-meta-layouts":"default","ast-page-background-enabled":"default","ast-page-background-meta":{"desktop":{"background-color":"var(--ast-global-color-4)","background-image":"","background-repeat":"repeat","background-position":"center center","background-size":"auto","background-attachment":"scroll","background-type":"","background-media":"","overlay-type":"","overlay-color":"","overlay-opacity":"","overlay-gradient":""},"tablet":{"background-color":"","background-image":"","background-repeat":"repeat","background-position":"center center","background-size":"auto","background-attachment":"scroll","background-type":"","background-media":"","overlay-type":"","overlay-color":"","overlay-opacity":"","overlay-gradient":""},"mobile":{"background-color":"","background-image":"","background-repeat":"repeat","background-position":"center center","background-size":"auto","background-attachment":"scroll","background-type":"","background-media":"","overlay-type":"","overlay-color":"","overlay-opacity":"","overlay-gradient":""}},"ast-content-background-meta":{"desktop":{"background-color":"var(--ast-global-color-5)","background-image":"","background-repeat":"repeat","background-position":"center center","background-size":"auto","background-attachment":"scroll","background-type":"","background-media":"","overlay-type":"","overlay-color":"","overlay-opacity":"","overlay-gradient":""},"tablet":{"background-color":"var(--ast-global-color-5)","background-image":"","background-repeat":"repeat","background-position":"center center","background-size":"auto","background-attachment":"scroll","background-type":"","background-media":"","overlay-type":"","overlay-color":"","overlay-opacity":"","overlay-gradient":""},"mobile":{"background-color":"var(--ast-global-color-5)","background-image":"","background-repeat":"repeat","background-position":"center center","background-size":"auto","background-attachment":"scroll","background-type":"","background-media":"","overlay-type":"","overlay-color":"","overlay-opacity":"","overlay-gradient":""}},"footnotes":""},"class_list":["post-6571","page","type-page","status-publish","hentry"],"yoast_head":"<!-- This site is optimized with the Yoast SEO plugin v26.5 - https:\/\/yoast.com\/wordpress\/plugins\/seo\/ -->\n<title>Syst\u00e8mes de contr\u00f4le ext\u00e9rieur - Qu\u00e9bec - Concept72<\/title>\n<meta name=\"description\" content=\"Optimisez votre \u00e9clairage et audio ext\u00e9rieur \u00e0 Qu\u00e9bec et Montr\u00e9al gr\u00e2ce \u00e0 des syst\u00e8mes de contr\u00f4le intelligents install\u00e9s par Concept72.\" \/>\n<meta name=\"robots\" content=\"index, follow, max-snippet:-1, max-image-preview:large, max-video-preview:-1\" \/>\n<link rel=\"canonical\" href=\"https:\/\/concept72.ca\/fr\/systeme-de-controle\/\" \/>\n<meta property=\"og:locale\" content=\"fr_FR\" \/>\n<meta property=\"og:type\" content=\"article\" \/>\n<meta property=\"og:title\" content=\"Syst\u00e8mes de contr\u00f4le ext\u00e9rieur - Qu\u00e9bec - Concept72\" \/>\n<meta property=\"og:description\" content=\"Optimisez votre \u00e9clairage et audio ext\u00e9rieur \u00e0 Qu\u00e9bec et Montr\u00e9al gr\u00e2ce \u00e0 des syst\u00e8mes de contr\u00f4le intelligents install\u00e9s par Concept72.\" \/>\n<meta property=\"og:url\" content=\"https:\/\/concept72.ca\/fr\/systeme-de-controle\/\" \/>\n<meta property=\"og:site_name\" content=\"Concept72\" \/>\n<meta property=\"article:modified_time\" content=\"2025-12-12T19:05:14+00:00\" \/>\n<meta property=\"og:image\" content=\"https:\/\/concept72.ca\/wp-content\/uploads\/2025\/07\/billboard_home_automation_2Ba-e1753734728618.png\" \/>\n<meta name=\"twitter:card\" content=\"summary_large_image\" \/>\n<meta name=\"twitter:label1\" content=\"Est. reading time\" \/>\n\t<meta name=\"twitter:data1\" content=\"2 minutes\" \/>\n<script type=\"application\/ld+json\" class=\"yoast-schema-graph\">{\"@context\":\"https:\/\/schema.org\",\"@graph\":[{\"@type\":\"WebPage\",\"@id\":\"https:\/\/concept72.ca\/fr\/systeme-de-controle\/\",\"url\":\"https:\/\/concept72.ca\/fr\/systeme-de-controle\/\",\"name\":\"Syst\u00e8mes de contr\u00f4le ext\u00e9rieur - Qu\u00e9bec - Concept72\",\"isPartOf\":{\"@id\":\"https:\/\/orange-caterpillar-425461.hostingersite.com\/#website\"},\"primaryImageOfPage\":{\"@id\":\"https:\/\/concept72.ca\/fr\/systeme-de-controle\/#primaryimage\"},\"image\":{\"@id\":\"https:\/\/concept72.ca\/fr\/systeme-de-controle\/#primaryimage\"},\"thumbnailUrl\":\"https:\/\/concept72.ca\/wp-content\/uploads\/2025\/07\/billboard_home_automation_2Ba-e1753734728618.png\",\"datePublished\":\"2025-07-17T17:01:00+00:00\",\"dateModified\":\"2025-12-12T19:05:14+00:00\",\"description\":\"Optimisez votre \u00e9clairage et audio ext\u00e9rieur \u00e0 Qu\u00e9bec et Montr\u00e9al gr\u00e2ce \u00e0 des syst\u00e8mes de contr\u00f4le intelligents install\u00e9s par Concept72.\",\"breadcrumb\":{\"@id\":\"https:\/\/concept72.ca\/fr\/systeme-de-controle\/#breadcrumb\"},\"inLanguage\":\"fr-FR\",\"potentialAction\":[{\"@type\":\"ReadAction\",\"target\":[\"https:\/\/concept72.ca\/fr\/systeme-de-controle\/\"]}]},{\"@type\":\"ImageObject\",\"inLanguage\":\"fr-FR\",\"@id\":\"https:\/\/concept72.ca\/fr\/systeme-de-controle\/#primaryimage\",\"url\":\"https:\/\/concept72.ca\/wp-content\/uploads\/2025\/07\/billboard_home_automation_2Ba-e1753734728618.png\",\"contentUrl\":\"https:\/\/concept72.ca\/wp-content\/uploads\/2025\/07\/billboard_home_automation_2Ba-e1753734728618.png\"},{\"@type\":\"BreadcrumbList\",\"@id\":\"https:\/\/concept72.ca\/fr\/systeme-de-controle\/#breadcrumb\",\"itemListElement\":[{\"@type\":\"ListItem\",\"position\":1,\"name\":\"Home\",\"item\":\"https:\/\/concept72.ca\/fr\/accueil\/\"},{\"@type\":\"ListItem\",\"position\":2,\"name\":\"Syst\u00e8me de contr\u00f4le\"}]},{\"@type\":\"WebSite\",\"@id\":\"https:\/\/orange-caterpillar-425461.hostingersite.com\/#website\",\"url\":\"https:\/\/orange-caterpillar-425461.hostingersite.com\/\",\"name\":\"Concept72\",\"description\":\"\",\"potentialAction\":[{\"@type\":\"SearchAction\",\"target\":{\"@type\":\"EntryPoint\",\"urlTemplate\":\"https:\/\/orange-caterpillar-425461.hostingersite.com\/?s={search_term_string}\"},\"query-input\":{\"@type\":\"PropertyValueSpecification\",\"valueRequired\":true,\"valueName\":\"search_term_string\"}}],\"inLanguage\":\"fr-FR\"}]}<\/script>\n<!-- \/ Yoast SEO plugin. -->","yoast_head_json":{"title":"Syst\u00e8mes de contr\u00f4le ext\u00e9rieur - Qu\u00e9bec - Concept72","description":"Optimisez votre \u00e9clairage et audio ext\u00e9rieur \u00e0 Qu\u00e9bec et Montr\u00e9al gr\u00e2ce \u00e0 des syst\u00e8mes de contr\u00f4le intelligents install\u00e9s par Concept72.","robots":{"index":"index","follow":"follow","max-snippet":"max-snippet:-1","max-image-preview":"max-image-preview:large","max-video-preview":"max-video-preview:-1"},"canonical":"https:\/\/concept72.ca\/fr\/systeme-de-controle\/","og_locale":"fr_FR","og_type":"article","og_title":"Syst\u00e8mes de contr\u00f4le ext\u00e9rieur - Qu\u00e9bec - Concept72","og_description":"Optimisez votre \u00e9clairage et audio ext\u00e9rieur \u00e0 Qu\u00e9bec et Montr\u00e9al gr\u00e2ce \u00e0 des syst\u00e8mes de contr\u00f4le intelligents install\u00e9s par Concept72.","og_url":"https:\/\/concept72.ca\/fr\/systeme-de-controle\/","og_site_name":"Concept72","article_modified_time":"2025-12-12T19:05:14+00:00","og_image":[{"url":"https:\/\/concept72.ca\/wp-content\/uploads\/2025\/07\/billboard_home_automation_2Ba-e1753734728618.png","type":"","width":"","height":""}],"twitter_card":"summary_large_image","twitter_misc":{"Est. reading time":"2 minutes"},"schema":{"@context":"https:\/\/schema.org","@graph":[{"@type":"WebPage","@id":"https:\/\/concept72.ca\/fr\/systeme-de-controle\/","url":"https:\/\/concept72.ca\/fr\/systeme-de-controle\/","name":"Syst\u00e8mes de contr\u00f4le ext\u00e9rieur - Qu\u00e9bec - Concept72","isPartOf":{"@id":"https:\/\/orange-caterpillar-425461.hostingersite.com\/#website"},"primaryImageOfPage":{"@id":"https:\/\/concept72.ca\/fr\/systeme-de-controle\/#primaryimage"},"image":{"@id":"https:\/\/concept72.ca\/fr\/systeme-de-controle\/#primaryimage"},"thumbnailUrl":"https:\/\/concept72.ca\/wp-content\/uploads\/2025\/07\/billboard_home_automation_2Ba-e1753734728618.png","datePublished":"2025-07-17T17:01:00+00:00","dateModified":"2025-12-12T19:05:14+00:00","description":"Optimisez votre \u00e9clairage et audio ext\u00e9rieur \u00e0 Qu\u00e9bec et Montr\u00e9al gr\u00e2ce \u00e0 des syst\u00e8mes de contr\u00f4le intelligents install\u00e9s par Concept72.","breadcrumb":{"@id":"https:\/\/concept72.ca\/fr\/systeme-de-controle\/#breadcrumb"},"inLanguage":"fr-FR","potentialAction":[{"@type":"ReadAction","target":["https:\/\/concept72.ca\/fr\/systeme-de-controle\/"]}]},{"@type":"ImageObject","inLanguage":"fr-FR","@id":"https:\/\/concept72.ca\/fr\/systeme-de-controle\/#primaryimage","url":"https:\/\/concept72.ca\/wp-content\/uploads\/2025\/07\/billboard_home_automation_2Ba-e1753734728618.png","contentUrl":"https:\/\/concept72.ca\/wp-content\/uploads\/2025\/07\/billboard_home_automation_2Ba-e1753734728618.png"},{"@type":"BreadcrumbList","@id":"https:\/\/concept72.ca\/fr\/systeme-de-controle\/#breadcrumb","itemListElement":[{"@type":"ListItem","position":1,"name":"Home","item":"https:\/\/concept72.ca\/fr\/accueil\/"},{"@type":"ListItem","position":2,"name":"Syst\u00e8me de contr\u00f4le"}]},{"@type":"WebSite","@id":"https:\/\/orange-caterpillar-425461.hostingersite.com\/#website","url":"https:\/\/orange-caterpillar-425461.hostingersite.com\/","name":"Concept72","description":"","potentialAction":[{"@type":"SearchAction","target":{"@type":"EntryPoint","urlTemplate":"https:\/\/orange-caterpillar-425461.hostingersite.com\/?s={search_term_string}"},"query-input":{"@type":"PropertyValueSpecification","valueRequired":true,"valueName":"search_term_string"}}],"inLanguage":"fr-FR"}]}},"_links":{"self":[{"href":"https:\/\/concept72.ca\/fr\/wp-json\/wp\/v2\/pages\/6571","targetHints":{"allow":["GET"]}}],"collection":[{"href":"https:\/\/concept72.ca\/fr\/wp-json\/wp\/v2\/pages"}],"about":[{"href":"https:\/\/concept72.ca\/fr\/wp-json\/wp\/v2\/types\/page"}],"author":[{"embeddable":true,"href":"https:\/\/concept72.ca\/fr\/wp-json\/wp\/v2\/users\/3"}],"replies":[{"embeddable":true,"href":"https:\/\/concept72.ca\/fr\/wp-json\/wp\/v2\/comments?post=6571"}],"version-history":[{"count":6,"href":"https:\/\/concept72.ca\/fr\/wp-json\/wp\/v2\/pages\/6571\/revisions"}],"predecessor-version":[{"id":6774,"href":"https:\/\/concept72.ca\/fr\/wp-json\/wp\/v2\/pages\/6571\/revisions\/6774"}],"wp:attachment":[{"href":"https:\/\/concept72.ca\/fr\/wp-json\/wp\/v2\/media?parent=6571"}],"curies":[{"name":"wp","href":"https:\/\/api.w.org\/{rel}","templated":true}]}}