{"id":6574,"date":"2025-07-17T15:59:23","date_gmt":"2025-07-17T15:59:23","guid":{"rendered":"https:\/\/concept72.ca\/services-de-maintenance\/"},"modified":"2025-12-12T19:13:30","modified_gmt":"2025-12-12T19:13:30","slug":"services-de-maintenance","status":"publish","type":"page","link":"https:\/\/concept72.ca\/fr\/services-de-maintenance\/","title":{"rendered":"Services de maintenance"},"content":{"rendered":"\t\t<div data-elementor-type=\"wp-page\" data-elementor-id=\"6574\" class=\"elementor elementor-6574 elementor-4338\">\n\t\t\t\t\t\t<section class=\"elementor-section elementor-top-section elementor-element elementor-element-d8d2577 elementor-section-stretched elementor-section-boxed elementor-section-height-default elementor-section-height-default\" data-id=\"d8d2577\" data-element_type=\"section\" data-settings=\"{&quot;background_background&quot;:&quot;classic&quot;,&quot;stretch_section&quot;:&quot;section-stretched&quot;}\">\n\t\t\t\t\t\t\t<div class=\"elementor-background-overlay\"><\/div>\n\t\t\t\t\t\t\t<div class=\"elementor-container elementor-column-gap-default\">\n\t\t\t\t\t<div class=\"elementor-column elementor-col-100 elementor-top-column elementor-element elementor-element-6784f9e\" data-id=\"6784f9e\" data-element_type=\"column\">\n\t\t\t<div class=\"elementor-widget-wrap elementor-element-populated\">\n\t\t\t\t\t\t<div class=\"elementor-element elementor-element-3c44e30 elementor-widget__width-auto text-center elementor-widget elementor-widget-tp-heading-title\" data-id=\"3c44e30\" data-element_type=\"widget\" data-widget_type=\"tp-heading-title.default\">\n\t\t\t\t<div class=\"elementor-widget-container\">\n\t\t\t\t\t<div class=\"heading heading_style heading_style69d286f7c8dd0 style-1 \" ><div class=\"sub-style \"  ><div class=\"head-title \" > <h1  class=\"heading-title   \"   data-hover=\"Services de maintenance\">Services de maintenance<span class=\"title-s \">  <\/span><\/h1><\/div><\/div><\/div>\t\t\t\t<\/div>\n\t\t\t\t<\/div>\n\t\t\t\t<div class=\"elementor-element elementor-element-37e01ed elementor-widget__width-initial elementor-widget-tablet__width-inherit elementor-widget elementor-widget-text-editor\" data-id=\"37e01ed\" data-element_type=\"widget\" data-widget_type=\"text-editor.default\">\n\t\t\t\t<div class=\"elementor-widget-container\">\n\t\t\t\t\t\t\t\t\t<p>Faites en sorte que vos syst\u00e8mes fonctionnent au mieux gr\u00e2ce \u00e0 une maintenance de routine, des mises \u00e0 jour saisonni\u00e8res et un d\u00e9pannage rapide en cas de besoin.<\/p>\t\t\t\t\t\t\t\t<\/div>\n\t\t\t\t<\/div>\n\t\t\t\t\t<\/div>\n\t\t<\/div>\n\t\t\t\t\t<\/div>\n\t\t<\/section>\n\t\t\t\t<section class=\"elementor-section elementor-top-section elementor-element elementor-element-e604549 elementor-section-stretched elementor-section-boxed elementor-section-height-default elementor-section-height-default\" data-id=\"e604549\" data-element_type=\"section\" data-settings=\"{&quot;stretch_section&quot;:&quot;section-stretched&quot;}\">\n\t\t\t\t\t\t<div class=\"elementor-container elementor-column-gap-default\">\n\t\t\t\t\t<div class=\"elementor-column elementor-col-50 elementor-top-column elementor-element elementor-element-bc63295 elementor-invisible\" data-id=\"bc63295\" data-element_type=\"column\" data-settings=\"{&quot;animation&quot;:&quot;fadeInLeft&quot;}\">\n\t\t\t<div class=\"elementor-widget-wrap elementor-element-populated\">\n\t\t\t\t\t\t<section class=\"elementor-section elementor-inner-section elementor-element elementor-element-d3517b1 elementor-section-boxed elementor-section-height-default elementor-section-height-default\" data-id=\"d3517b1\" data-element_type=\"section\">\n\t\t\t\t\t\t<div class=\"elementor-container elementor-column-gap-default\">\n\t\t\t\t\t<div class=\"elementor-column elementor-col-100 elementor-inner-column elementor-element elementor-element-3c4e3aa\" data-id=\"3c4e3aa\" data-element_type=\"column\">\n\t\t\t<div class=\"elementor-widget-wrap elementor-element-populated\">\n\t\t\t\t\t\t<div class=\"elementor-element elementor-element-988848e elementor-widget__width-initial elementor-widget-tablet__width-inherit elementor-widget elementor-widget-heading\" data-id=\"988848e\" data-element_type=\"widget\" data-widget_type=\"heading.default\">\n\t\t\t\t<div class=\"elementor-widget-container\">\n\t\t\t\t\t<h2 class=\"elementor-heading-title elementor-size-default\">Comment nous entretenons vos syst\u00e8mes<\/h2>\t\t\t\t<\/div>\n\t\t\t\t<\/div>\n\t\t\t\t<div class=\"elementor-element elementor-element-79e10bb elementor-widget__width-initial elementor-widget-tablet__width-inherit elementor-widget elementor-widget-text-editor\" data-id=\"79e10bb\" data-element_type=\"widget\" data-widget_type=\"text-editor.default\">\n\t\t\t\t<div class=\"elementor-widget-container\">\n\t\t\t\t\t\t\t\t\t<ul><li>Remplacement de toutes les ampoules grill\u00e9es, \u00e0 faible diode ou endommag\u00e9es<\/li><li>R\u00e9initialisation des minuteries si n\u00e9cessaire : inspection des photocellules, des minuteries, des t\u00e9l\u00e9commandes et des transformateurs.<\/li><li>Testez la &#8220;logique lumineuse&#8221; ou la programmation de l&#8217;automatisation<\/li><li>\u00c9laguez les arbustes qui recouvrent les luminaires et obstruent l&#8217;\u00e9clairage.<\/li><li>V\u00e9rification de l&#8217;usure ou de la compression des joints.<\/li><li>V\u00e9rification du serrage des cosses et des c\u00e2bles du transformateur.<\/li><li>R\u00e9alignement et nettoyage de tous les luminaires et lentilles.<\/li><li>Test des performances du syst\u00e8me.<\/li><li>V\u00e9rification et correction de tous les fils qui ont \u00e9t\u00e9 d\u00e9plac\u00e9s.<\/li><li>Relampage \u00e0 l&#8217;aide d&#8217;un compos\u00e9 di\u00e9lectrique<\/li><li>Mise \u00e0 jour du journal de maintenance avec toute nouvelle information.<\/li><li>D\u00e9placer toutes les installations pour tenir compte de la croissance des plantes<\/li><\/ul>\t\t\t\t\t\t\t\t<\/div>\n\t\t\t\t<\/div>\n\t\t\t\t\t<\/div>\n\t\t<\/div>\n\t\t\t\t\t<\/div>\n\t\t<\/section>\n\t\t\t\t\t<\/div>\n\t\t<\/div>\n\t\t\t\t<div class=\"elementor-column elementor-col-50 elementor-top-column elementor-element elementor-element-e3e3f80 elementor-invisible\" data-id=\"e3e3f80\" data-element_type=\"column\" data-settings=\"{&quot;background_background&quot;:&quot;classic&quot;,&quot;animation&quot;:&quot;fadeInRight&quot;}\">\n\t\t\t<div class=\"elementor-widget-wrap\">\n\t\t\t\t\t\t\t<\/div>\n\t\t<\/div>\n\t\t\t\t\t<\/div>\n\t\t<\/section>\n\t\t\t\t<section class=\"elementor-section elementor-top-section elementor-element elementor-element-32b4d49 elementor-section-stretched elementor-section-boxed elementor-section-height-default elementor-section-height-default\" data-id=\"32b4d49\" data-element_type=\"section\" data-settings=\"{&quot;background_background&quot;:&quot;classic&quot;,&quot;stretch_section&quot;:&quot;section-stretched&quot;}\">\n\t\t\t\t\t\t\t<div class=\"elementor-background-overlay\"><\/div>\n\t\t\t\t\t\t\t<div class=\"elementor-container elementor-column-gap-default\">\n\t\t\t\t\t<div class=\"elementor-column elementor-col-100 elementor-top-column elementor-element elementor-element-9492866\" data-id=\"9492866\" data-element_type=\"column\" data-settings=\"{&quot;background_background&quot;:&quot;classic&quot;}\">\n\t\t\t<div class=\"elementor-widget-wrap elementor-element-populated\">\n\t\t\t\t\t\t<div class=\"elementor-element elementor-element-577872a elementor-widget__width-initial elementor-widget-tablet__width-inherit elementor-widget elementor-widget-heading\" data-id=\"577872a\" data-element_type=\"widget\" data-widget_type=\"heading.default\">\n\t\t\t\t<div class=\"elementor-widget-container\">\n\t\t\t\t\t<h2 class=\"elementor-heading-title elementor-size-default\">Une maintenance pr\u00e9ventive qui prot\u00e8ge votre investissement<\/h2>\t\t\t\t<\/div>\n\t\t\t\t<\/div>\n\t\t\t\t<div class=\"elementor-element elementor-element-8f37e49 elementor-widget__width-initial elementor-widget-tablet__width-inherit elementor-widget elementor-widget-text-editor\" data-id=\"8f37e49\" data-element_type=\"widget\" data-widget_type=\"text-editor.default\">\n\t\t\t\t<div class=\"elementor-widget-container\">\n\t\t\t\t\t\t\t\t\t<p>L&#8217;entretien r\u00e9gulier permet non seulement de prolonger la dur\u00e9e de vie de vos syst\u00e8mes d&#8217;\u00e9clairage et de sonorisation, mais aussi de les maintenir en bon \u00e9tat et de les faire fonctionner efficacement. Notre liste de contr\u00f4le d\u00e9taill\u00e9e permet de d\u00e9tecter rapidement les probl\u00e8mes, de r\u00e9duire l&#8217;usure du syst\u00e8me et de garantir une apparence homog\u00e8ne et soign\u00e9e tout au long de l&#8217;ann\u00e9e.<br>L&#8217;entretien professionnel pr\u00e9serve \u00e9galement l&#8217;int\u00e9grit\u00e9 esth\u00e9tique de votre projet. De l&#8217;alignement des appareils \u00e0 la synchronisation automatis\u00e9e, nous veillons \u00e0 ce que chaque \u00e9l\u00e9ment fonctionne comme pr\u00e9vu.  <\/p>\t\t\t\t\t\t\t\t<\/div>\n\t\t\t\t<\/div>\n\t\t\t\t\t<\/div>\n\t\t<\/div>\n\t\t\t\t\t<\/div>\n\t\t<\/section>\n\t\t\t\t<section class=\"elementor-section elementor-top-section elementor-element elementor-element-4dc187d elementor-section-stretched elementor-section-boxed elementor-section-height-default elementor-section-height-default\" data-id=\"4dc187d\" data-element_type=\"section\" data-settings=\"{&quot;background_background&quot;:&quot;classic&quot;,&quot;stretch_section&quot;:&quot;section-stretched&quot;}\">\n\t\t\t\t\t\t<div class=\"elementor-container elementor-column-gap-default\">\n\t\t\t\t\t<div class=\"elementor-column elementor-col-100 elementor-top-column elementor-element elementor-element-ea8ed6d\" data-id=\"ea8ed6d\" data-element_type=\"column\" data-settings=\"{&quot;background_background&quot;:&quot;classic&quot;}\">\n\t\t\t<div class=\"elementor-widget-wrap elementor-element-populated\">\n\t\t\t\t\t\t<div class=\"elementor-element elementor-element-557098e elementor-widget__width-initial elementor-widget-tablet__width-inherit elementor-widget elementor-widget-heading\" data-id=\"557098e\" data-element_type=\"widget\" data-widget_type=\"heading.default\">\n\t\t\t\t<div class=\"elementor-widget-container\">\n\t\t\t\t\t<h2 class=\"elementor-heading-title elementor-size-default\">R\u00e9paration et restauration des syst\u00e8mes existants<\/h2>\t\t\t\t<\/div>\n\t\t\t\t<\/div>\n\t\t\t\t<div class=\"elementor-element elementor-element-f761f89 elementor-widget__width-initial elementor-widget-tablet__width-inherit elementor-widget elementor-widget-text-editor\" data-id=\"f761f89\" data-element_type=\"widget\" data-widget_type=\"text-editor.default\">\n\t\t\t\t<div class=\"elementor-widget-container\">\n\t\t\t\t\t\t\t\t\t<p>Que votre syst\u00e8me ait \u00e9t\u00e9 install\u00e9 par nous ou par un autre fournisseur, nous proposons des services de d\u00e9pannage, de r\u00e9paration et de mise \u00e0 niveau pour les installations obsol\u00e8tes ou peu performantes. Qu&#8217;il s&#8217;agisse d&#8217;un c\u00e2blage d\u00e9fectueux, d&#8217;un \u00e9clairage r\u00e9duit ou d&#8217;un remplacement complet de l&#8217;\u00e9clairage, nous vous aidons \u00e0 redonner vie \u00e0 des syst\u00e8mes vieillissants.<br>Nous \u00e9valuerons l&#8217;\u00e9tat de votre installation et vous fournirons des recommandations d&#8217;experts pour lui redonner tout son impact et sa fonctionnalit\u00e9, sans avoir \u00e0 repartir de z\u00e9ro. <\/p>\t\t\t\t\t\t\t\t<\/div>\n\t\t\t\t<\/div>\n\t\t\t\t\t<\/div>\n\t\t<\/div>\n\t\t\t\t\t<\/div>\n\t\t<\/section>\n\t\t\t\t<section class=\"elementor-section elementor-top-section elementor-element elementor-element-271e756 elementor-section-stretched elementor-section-boxed elementor-section-height-default elementor-section-height-default\" data-id=\"271e756\" data-element_type=\"section\" data-settings=\"{&quot;background_background&quot;:&quot;classic&quot;,&quot;stretch_section&quot;:&quot;section-stretched&quot;}\">\n\t\t\t\t\t\t\t<div class=\"elementor-background-overlay\"><\/div>\n\t\t\t\t\t\t\t<div class=\"elementor-container elementor-column-gap-default\">\n\t\t\t\t\t<div class=\"elementor-column elementor-col-100 elementor-top-column elementor-element elementor-element-6bfd229\" data-id=\"6bfd229\" data-element_type=\"column\" data-settings=\"{&quot;background_background&quot;:&quot;classic&quot;}\">\n\t\t\t<div class=\"elementor-widget-wrap elementor-element-populated\">\n\t\t\t\t\t\t<div class=\"elementor-element elementor-element-c7f7b31 elementor-widget-tablet__width-inherit elementor-widget elementor-widget-heading\" data-id=\"c7f7b31\" data-element_type=\"widget\" data-widget_type=\"heading.default\">\n\t\t\t\t<div class=\"elementor-widget-container\">\n\t\t\t\t\t<h2 class=\"elementor-heading-title elementor-size-default\">  Des entr\u00e9es r\u00e9sidentielles aux grands domaines<\/h2>\t\t\t\t<\/div>\n\t\t\t\t<\/div>\n\t\t\t\t<div class=\"elementor-element elementor-element-980d3c6 elementor-widget-tablet__width-inherit elementor-widget__width-initial elementor-widget elementor-widget-text-editor\" data-id=\"980d3c6\" data-element_type=\"widget\" data-widget_type=\"text-editor.default\">\n\t\t\t\t<div class=\"elementor-widget-container\">\n\t\t\t\t\t\t\t\t\t<p>Qu&#8217;il s&#8217;agisse d&#8217;une modeste installation dans votre jardin ou d&#8217;un vaste paysage commercial, notre approche est toujours personnalis\u00e9e. Nous traitons chaque installation d&#8217;\u00e9clairage et de sonorisation avec le soin qu&#8217;elle m\u00e9rite, et chaque client avec professionnalisme <\/p>\t\t\t\t\t\t\t\t<\/div>\n\t\t\t\t<\/div>\n\t\t\t\t<div class=\"elementor-element elementor-element-cd58172 elementor-widget__width-auto elementor-hidden-mobile elementor-widget elementor-widget-tp-button\" data-id=\"cd58172\" data-element_type=\"widget\" data-widget_type=\"tp-button.default\">\n\t\t\t\t<div class=\"elementor-widget-container\">\n\t\t\t\t\t<div class=\"pt-plus-button-wrapper   text-center   \"><div class=\"button_parallax   \" ><div id=\"button69d286f7cc657\"  class=\" text-center ts-button content_hover_effect   \" ><div class=\"pt_plus_button btn69d286f7cc648 button-style-21   \"  ><div class=\"animted-content-inner \"><a href=\"https:\/\/concept72.ca\/fr\/contactez-nous\/\" class=\"button-link-wrap \" role=\"button\" data-hover=\"Contactez-nous\"  ><span>Contactez-nous<\/span><\/a><\/div><\/div><\/div><\/div><\/div>\t\t\t\t<\/div>\n\t\t\t\t<\/div>\n\t\t\t\t\t<\/div>\n\t\t<\/div>\n\t\t\t\t\t<\/div>\n\t\t<\/section>\n\t\t\t\t<\/div>\n\t\t","protected":false},"excerpt":{"rendered":"<p>Services de maintenance Faites en sorte que vos syst\u00e8mes fonctionnent au mieux gr\u00e2ce \u00e0 une maintenance de routine, des mises [&hellip;]<\/p>\n","protected":false},"author":3,"featured_media":0,"parent":0,"menu_order":0,"comment_status":"closed","ping_status":"closed","template":"","meta":{"_eb_attr":"","site-sidebar-layout":"no-sidebar","site-content-layout":"","ast-site-content-layout":"full-width-container","site-content-style":"default","site-sidebar-style":"default","ast-global-header-display":"","ast-banner-title-visibility":"","ast-main-header-display":"","ast-hfb-above-header-display":"","ast-hfb-below-header-display":"","ast-hfb-mobile-header-display":"","site-post-title":"disabled","ast-breadcrumbs-content":"","ast-featured-img":"disabled","footer-sml-layout":"","theme-transparent-header-meta":"","adv-header-id-meta":"","stick-header-meta":"","header-above-stick-meta":"","header-main-stick-meta":"","header-below-stick-meta":"","astra-migrate-meta-layouts":"default","ast-page-background-enabled":"default","ast-page-background-meta":{"desktop":{"background-color":"var(--ast-global-color-4)","background-image":"","background-repeat":"repeat","background-position":"center center","background-size":"auto","background-attachment":"scroll","background-type":"","background-media":"","overlay-type":"","overlay-color":"","overlay-opacity":"","overlay-gradient":""},"tablet":{"background-color":"","background-image":"","background-repeat":"repeat","background-position":"center center","background-size":"auto","background-attachment":"scroll","background-type":"","background-media":"","overlay-type":"","overlay-color":"","overlay-opacity":"","overlay-gradient":""},"mobile":{"background-color":"","background-image":"","background-repeat":"repeat","background-position":"center center","background-size":"auto","background-attachment":"scroll","background-type":"","background-media":"","overlay-type":"","overlay-color":"","overlay-opacity":"","overlay-gradient":""}},"ast-content-background-meta":{"desktop":{"background-color":"var(--ast-global-color-5)","background-image":"","background-repeat":"repeat","background-position":"center center","background-size":"auto","background-attachment":"scroll","background-type":"","background-media":"","overlay-type":"","overlay-color":"","overlay-opacity":"","overlay-gradient":""},"tablet":{"background-color":"var(--ast-global-color-5)","background-image":"","background-repeat":"repeat","background-position":"center center","background-size":"auto","background-attachment":"scroll","background-type":"","background-media":"","overlay-type":"","overlay-color":"","overlay-opacity":"","overlay-gradient":""},"mobile":{"background-color":"var(--ast-global-color-5)","background-image":"","background-repeat":"repeat","background-position":"center center","background-size":"auto","background-attachment":"scroll","background-type":"","background-media":"","overlay-type":"","overlay-color":"","overlay-opacity":"","overlay-gradient":""}},"footnotes":""},"class_list":["post-6574","page","type-page","status-publish","hentry"],"yoast_head":"<!-- This site is optimized with the Yoast SEO plugin v26.5 - https:\/\/yoast.com\/wordpress\/plugins\/seo\/ -->\n<title>Services de maintenance d&#039;\u00e9clairage ext\u00e9rieur - Concept72<\/title>\n<meta name=\"description\" content=\"Services de maintenance pour syst\u00e8mes d\u2019\u00e9clairage et audio ext\u00e9rieur \u00e0 Qu\u00e9bec et r\u00e9gions. Concept72 assure performance et fiabilit\u00e9 durables.\" \/>\n<meta name=\"robots\" content=\"index, follow, max-snippet:-1, max-image-preview:large, max-video-preview:-1\" \/>\n<link rel=\"canonical\" href=\"https:\/\/concept72.ca\/fr\/services-de-maintenance\/\" \/>\n<meta property=\"og:locale\" content=\"fr_FR\" \/>\n<meta property=\"og:type\" content=\"article\" \/>\n<meta property=\"og:title\" content=\"Services de maintenance d&#039;\u00e9clairage ext\u00e9rieur - Concept72\" \/>\n<meta property=\"og:description\" content=\"Services de maintenance pour syst\u00e8mes d\u2019\u00e9clairage et audio ext\u00e9rieur \u00e0 Qu\u00e9bec et r\u00e9gions. Concept72 assure performance et fiabilit\u00e9 durables.\" \/>\n<meta property=\"og:url\" content=\"https:\/\/concept72.ca\/fr\/services-de-maintenance\/\" \/>\n<meta property=\"og:site_name\" content=\"Concept72\" \/>\n<meta property=\"article:modified_time\" content=\"2025-12-12T19:13:30+00:00\" \/>\n<meta property=\"og:image\" content=\"https:\/\/concept72.ca\/wp-content\/uploads\/2024\/04\/cropped-Header-logo.png\" \/>\n\t<meta property=\"og:image:width\" content=\"512\" \/>\n\t<meta property=\"og:image:height\" content=\"512\" \/>\n\t<meta property=\"og:image:type\" content=\"image\/png\" \/>\n<meta name=\"twitter:card\" content=\"summary_large_image\" \/>\n<meta name=\"twitter:label1\" content=\"Est. reading time\" \/>\n\t<meta name=\"twitter:data1\" content=\"2 minutes\" \/>\n<script type=\"application\/ld+json\" class=\"yoast-schema-graph\">{\"@context\":\"https:\/\/schema.org\",\"@graph\":[{\"@type\":\"WebPage\",\"@id\":\"https:\/\/concept72.ca\/fr\/services-de-maintenance\/\",\"url\":\"https:\/\/concept72.ca\/fr\/services-de-maintenance\/\",\"name\":\"Services de maintenance d'\u00e9clairage ext\u00e9rieur - Concept72\",\"isPartOf\":{\"@id\":\"https:\/\/orange-caterpillar-425461.hostingersite.com\/#website\"},\"datePublished\":\"2025-07-17T15:59:23+00:00\",\"dateModified\":\"2025-12-12T19:13:30+00:00\",\"description\":\"Services de maintenance pour syst\u00e8mes d\u2019\u00e9clairage et audio ext\u00e9rieur \u00e0 Qu\u00e9bec et r\u00e9gions. Concept72 assure performance et fiabilit\u00e9 durables.\",\"breadcrumb\":{\"@id\":\"https:\/\/concept72.ca\/fr\/services-de-maintenance\/#breadcrumb\"},\"inLanguage\":\"fr-FR\",\"potentialAction\":[{\"@type\":\"ReadAction\",\"target\":[\"https:\/\/concept72.ca\/fr\/services-de-maintenance\/\"]}]},{\"@type\":\"BreadcrumbList\",\"@id\":\"https:\/\/concept72.ca\/fr\/services-de-maintenance\/#breadcrumb\",\"itemListElement\":[{\"@type\":\"ListItem\",\"position\":1,\"name\":\"Home\",\"item\":\"https:\/\/concept72.ca\/fr\/accueil\/\"},{\"@type\":\"ListItem\",\"position\":2,\"name\":\"Services de maintenance\"}]},{\"@type\":\"WebSite\",\"@id\":\"https:\/\/orange-caterpillar-425461.hostingersite.com\/#website\",\"url\":\"https:\/\/orange-caterpillar-425461.hostingersite.com\/\",\"name\":\"Concept72\",\"description\":\"\",\"potentialAction\":[{\"@type\":\"SearchAction\",\"target\":{\"@type\":\"EntryPoint\",\"urlTemplate\":\"https:\/\/orange-caterpillar-425461.hostingersite.com\/?s={search_term_string}\"},\"query-input\":{\"@type\":\"PropertyValueSpecification\",\"valueRequired\":true,\"valueName\":\"search_term_string\"}}],\"inLanguage\":\"fr-FR\"}]}<\/script>\n<!-- \/ Yoast SEO plugin. -->","yoast_head_json":{"title":"Services de maintenance d'\u00e9clairage ext\u00e9rieur - Concept72","description":"Services de maintenance pour syst\u00e8mes d\u2019\u00e9clairage et audio ext\u00e9rieur \u00e0 Qu\u00e9bec et r\u00e9gions. Concept72 assure performance et fiabilit\u00e9 durables.","robots":{"index":"index","follow":"follow","max-snippet":"max-snippet:-1","max-image-preview":"max-image-preview:large","max-video-preview":"max-video-preview:-1"},"canonical":"https:\/\/concept72.ca\/fr\/services-de-maintenance\/","og_locale":"fr_FR","og_type":"article","og_title":"Services de maintenance d'\u00e9clairage ext\u00e9rieur - Concept72","og_description":"Services de maintenance pour syst\u00e8mes d\u2019\u00e9clairage et audio ext\u00e9rieur \u00e0 Qu\u00e9bec et r\u00e9gions. Concept72 assure performance et fiabilit\u00e9 durables.","og_url":"https:\/\/concept72.ca\/fr\/services-de-maintenance\/","og_site_name":"Concept72","article_modified_time":"2025-12-12T19:13:30+00:00","og_image":[{"width":512,"height":512,"url":"https:\/\/concept72.ca\/wp-content\/uploads\/2024\/04\/cropped-Header-logo.png","type":"image\/png"}],"twitter_card":"summary_large_image","twitter_misc":{"Est. reading time":"2 minutes"},"schema":{"@context":"https:\/\/schema.org","@graph":[{"@type":"WebPage","@id":"https:\/\/concept72.ca\/fr\/services-de-maintenance\/","url":"https:\/\/concept72.ca\/fr\/services-de-maintenance\/","name":"Services de maintenance d'\u00e9clairage ext\u00e9rieur - Concept72","isPartOf":{"@id":"https:\/\/orange-caterpillar-425461.hostingersite.com\/#website"},"datePublished":"2025-07-17T15:59:23+00:00","dateModified":"2025-12-12T19:13:30+00:00","description":"Services de maintenance pour syst\u00e8mes d\u2019\u00e9clairage et audio ext\u00e9rieur \u00e0 Qu\u00e9bec et r\u00e9gions. Concept72 assure performance et fiabilit\u00e9 durables.","breadcrumb":{"@id":"https:\/\/concept72.ca\/fr\/services-de-maintenance\/#breadcrumb"},"inLanguage":"fr-FR","potentialAction":[{"@type":"ReadAction","target":["https:\/\/concept72.ca\/fr\/services-de-maintenance\/"]}]},{"@type":"BreadcrumbList","@id":"https:\/\/concept72.ca\/fr\/services-de-maintenance\/#breadcrumb","itemListElement":[{"@type":"ListItem","position":1,"name":"Home","item":"https:\/\/concept72.ca\/fr\/accueil\/"},{"@type":"ListItem","position":2,"name":"Services de maintenance"}]},{"@type":"WebSite","@id":"https:\/\/orange-caterpillar-425461.hostingersite.com\/#website","url":"https:\/\/orange-caterpillar-425461.hostingersite.com\/","name":"Concept72","description":"","potentialAction":[{"@type":"SearchAction","target":{"@type":"EntryPoint","urlTemplate":"https:\/\/orange-caterpillar-425461.hostingersite.com\/?s={search_term_string}"},"query-input":{"@type":"PropertyValueSpecification","valueRequired":true,"valueName":"search_term_string"}}],"inLanguage":"fr-FR"}]}},"_links":{"self":[{"href":"https:\/\/concept72.ca\/fr\/wp-json\/wp\/v2\/pages\/6574","targetHints":{"allow":["GET"]}}],"collection":[{"href":"https:\/\/concept72.ca\/fr\/wp-json\/wp\/v2\/pages"}],"about":[{"href":"https:\/\/concept72.ca\/fr\/wp-json\/wp\/v2\/types\/page"}],"author":[{"embeddable":true,"href":"https:\/\/concept72.ca\/fr\/wp-json\/wp\/v2\/users\/3"}],"replies":[{"embeddable":true,"href":"https:\/\/concept72.ca\/fr\/wp-json\/wp\/v2\/comments?post=6574"}],"version-history":[{"count":6,"href":"https:\/\/concept72.ca\/fr\/wp-json\/wp\/v2\/pages\/6574\/revisions"}],"predecessor-version":[{"id":6777,"href":"https:\/\/concept72.ca\/fr\/wp-json\/wp\/v2\/pages\/6574\/revisions\/6777"}],"wp:attachment":[{"href":"https:\/\/concept72.ca\/fr\/wp-json\/wp\/v2\/media?parent=6574"}],"curies":[{"name":"wp","href":"https:\/\/api.w.org\/{rel}","templated":true}]}}